{"id":626,"date":"2023-04-28T09:05:01","date_gmt":"2023-04-28T09:05:01","guid":{"rendered":"https:\/\/www.ldcgranollers.es\/tu-comunidad\/"},"modified":"2023-07-07T07:44:10","modified_gmt":"2023-07-07T07:44:10","slug":"tu-comunidad","status":"publish","type":"page","link":"https:\/\/www.ldcgranollers.es\/ca\/tu-comunidad\/","title":{"rendered":"Tu Comunidad"},"content":{"rendered":"<p><div class=\"fusion-fullwidth fullwidth-box fusion-builder-row-1 fusion-flex-container has-pattern-background has-mask-background fusion-parallax-none nonhundred-percent-fullwidth non-hundred-percent-height-scrolling header-img\" style=\"--awb-background-position:right center;--awb-background-position-small:left center;--awb-border-radius-top-left:0px;--awb-border-radius-top-right:0px;--awb-border-radius-bottom-right:0px;--awb-border-radius-bottom-left:0px;--awb-min-height:400px;--awb-min-height-small:250px;--awb-background-image:url(&quot;https:\/\/ldcgranollers.es\/wp-content\/uploads\/2023\/05\/Acceso-a-tu-comunidad.com_.png&quot;);--awb-background-size:cover;--awb-flex-wrap:wrap;\" ><div class=\"fusion-builder-row fusion-row fusion-flex-align-items-flex-start fusion-flex-align-content-center fusion-flex-content-wrap\" style=\"max-width:1456px;margin-left: calc(-4% \/ 2 );margin-right: calc(-4% \/ 2 );\"><div class=\"fusion-layout-column fusion_builder_column fusion-builder-column-0 fusion_builder_column_2_5 2_5 fusion-flex-column\" style=\"--awb-bg-size:cover;--awb-width-large:40%;--awb-margin-top-large:0px;--awb-spacing-right-large:4.8%;--awb-margin-bottom-large:20px;--awb-spacing-left-large:4.8%;--awb-width-medium:40%;--awb-order-medium:0;--awb-spacing-right-medium:4.8%;--awb-spacing-left-medium:4.8%;--awb-width-small:100%;--awb-order-small:0;--awb-spacing-right-small:1.92%;--awb-spacing-left-small:1.92%;\"><div class=\"fusion-column-wrapper fusion-column-has-shadow fusion-flex-justify-content-flex-start fusion-content-layout-column\"><div class=\"fusion-title title fusion-title-1 fusion-sep-none fusion-title-text fusion-title-size-one\" style=\"--awb-text-color:#ffffff;--awb-margin-top-small:10px;--awb-margin-right-small:0px;--awb-margin-bottom-small:10px;--awb-margin-left-small:0px;\"><h1 class=\"fusion-title-heading title-heading-left fusion-responsive-typography-calculated\" style=\"margin:0;--fontSize:70;line-height:1.17;\">Access a tucomunidad.com<\/h1><\/div><\/div><\/div><\/div><\/div><div class=\"fusion-fullwidth fullwidth-box fusion-builder-row-2 fusion-flex-container has-pattern-background has-mask-background hundred-percent-fullwidth non-hundred-percent-height-scrolling header-img\" style=\"--awb-border-radius-top-left:0px;--awb-border-radius-top-right:0px;--awb-border-radius-bottom-right:0px;--awb-border-radius-bottom-left:0px;--awb-padding-top:40px;--awb-padding-right:0px;--awb-padding-bottom:40px;--awb-padding-left:0px;--awb-padding-right-small:30px;--awb-padding-left-small:30px;--awb-flex-wrap:wrap;\" ><div class=\"fusion-builder-row fusion-row fusion-flex-align-items-stretch fusion-flex-content-wrap\" style=\"width:calc( 100% + 30px ) !important;max-width:calc( 100% + 30px ) !important;margin-left: calc(-30px \/ 2 );margin-right: calc(-30px \/ 2 );\"><div class=\"fusion-layout-column fusion_builder_column fusion-builder-column-1 fusion_builder_column_1_3 1_3 fusion-flex-column\" style=\"--awb-padding-bottom:20px;--awb-bg-color:#ffffff;--awb-bg-color-hover:#ffffff;--awb-bg-size:cover;--awb-width-large:33.333333333333%;--awb-margin-top-large:0px;--awb-spacing-right-large:15px;--awb-margin-bottom-large:20px;--awb-spacing-left-large:15px;--awb-width-medium:33.333333333333%;--awb-order-medium:0;--awb-spacing-right-medium:15px;--awb-spacing-left-medium:15px;--awb-width-small:100%;--awb-order-small:0;--awb-spacing-right-small:15px;--awb-spacing-left-small:15px;\" data-scroll-devices=\"small-visibility,medium-visibility,large-visibility\"><div class=\"fusion-column-wrapper fusion-column-has-shadow fusion-flex-justify-content-flex-start fusion-content-layout-column\"><div class=\"fusion-image-element \" style=\"--awb-caption-title-font-family:var(--h2_typography-font-family);--awb-caption-title-font-weight:var(--h2_typography-font-weight);--awb-caption-title-font-style:var(--h2_typography-font-style);--awb-caption-title-size:var(--h2_typography-font-size);--awb-caption-title-transform:var(--h2_typography-text-transform);--awb-caption-title-line-height:var(--h2_typography-line-height);--awb-caption-title-letter-spacing:var(--h2_typography-letter-spacing);\"><span class=\" fusion-imageframe imageframe-none imageframe-1 hover-type-none\"><img decoding=\"async\" width=\"595\" height=\"361\" title=\"portal-online-tucomunidad.com\" src=\"https:\/\/ldcgranollers.es\/wp-content\/uploads\/2023\/04\/portal-online-tucomunidad.com_.png\" alt class=\"img-responsive wp-image-605\" srcset=\"https:\/\/www.ldcgranollers.es\/wp-content\/uploads\/2023\/04\/portal-online-tucomunidad.com_-200x121.png 200w, https:\/\/www.ldcgranollers.es\/wp-content\/uploads\/2023\/04\/portal-online-tucomunidad.com_-400x243.png 400w, https:\/\/www.ldcgranollers.es\/wp-content\/uploads\/2023\/04\/portal-online-tucomunidad.com_.png 595w\" sizes=\"(max-width: 640px) 100vw, 595px\" \/><\/span><\/div><div class=\"fusion-title title fusion-title-2 fusion-sep-none fusion-title-text fusion-title-size-three\" style=\"--awb-text-color:var(--awb-color4);--awb-margin-top:30px;--awb-margin-left:30px;--awb-margin-top-small:10px;--awb-margin-right-small:0px;--awb-margin-bottom-small:10px;--awb-margin-left-small:30px;--awb-font-size:24px;\"><h3 class=\"fusion-title-heading title-heading-left fusion-responsive-typography-calculated\" style=\"font-family:&quot;Roboto&quot;;font-style:normal;font-weight:500;margin:0;font-size:1em;--fontSize:24;--minFontSize:24;line-height:1.46;\">Portal online<\/h3><\/div><div class=\"fusion-text fusion-text-1\" style=\"--awb-font-size:16px;--awb-text-color:var(--awb-color4);--awb-margin-right:30px;--awb-margin-left:30px;--awb-text-font-family:&quot;Roboto&quot;;--awb-text-font-style:normal;--awb-text-font-weight:400;\"><p><a href=\"https:\/\/www.tucomunidad.com\/\" target=\"_blank\" rel=\"noopener\"><strong>Anar a la plataforma en l\u00ednia<\/strong> <i class=\"fb-icon-element-1 fb-icon-element fontawesome-icon fa-arrow-right fas circle-no fusion-text-flow\" style=\"--awb-font-size:18px;--awb-margin-right:9px;\"><\/i><\/a><\/p>\n<\/div><\/div><\/div><div class=\"fusion-layout-column fusion_builder_column fusion-builder-column-2 fusion_builder_column_1_3 1_3 fusion-flex-column\" style=\"--awb-padding-bottom:20px;--awb-bg-color:#ffffff;--awb-bg-color-hover:#ffffff;--awb-bg-size:cover;--awb-width-large:33.333333333333%;--awb-margin-top-large:0px;--awb-spacing-right-large:15px;--awb-margin-bottom-large:20px;--awb-spacing-left-large:15px;--awb-width-medium:33.333333333333%;--awb-order-medium:0;--awb-spacing-right-medium:15px;--awb-spacing-left-medium:15px;--awb-width-small:100%;--awb-order-small:0;--awb-spacing-right-small:15px;--awb-spacing-left-small:15px;\" data-scroll-devices=\"small-visibility,medium-visibility,large-visibility\"><div class=\"fusion-column-wrapper fusion-column-has-shadow fusion-flex-justify-content-flex-start fusion-content-layout-column\"><div class=\"fusion-image-element \" style=\"--awb-caption-title-font-family:var(--h2_typography-font-family);--awb-caption-title-font-weight:var(--h2_typography-font-weight);--awb-caption-title-font-style:var(--h2_typography-font-style);--awb-caption-title-size:var(--h2_typography-font-size);--awb-caption-title-transform:var(--h2_typography-text-transform);--awb-caption-title-line-height:var(--h2_typography-line-height);--awb-caption-title-letter-spacing:var(--h2_typography-letter-spacing);\"><span class=\" fusion-imageframe imageframe-none imageframe-2 hover-type-none\"><img decoding=\"async\" width=\"596\" height=\"361\" title=\"aplicacion-movil-tucomunidad.com\" src=\"https:\/\/ldcgranollers.es\/wp-content\/uploads\/2023\/04\/aplicacion-movil-tucomunidad.com_.png\" alt class=\"img-responsive wp-image-606\" srcset=\"https:\/\/www.ldcgranollers.es\/wp-content\/uploads\/2023\/04\/aplicacion-movil-tucomunidad.com_-200x121.png 200w, https:\/\/www.ldcgranollers.es\/wp-content\/uploads\/2023\/04\/aplicacion-movil-tucomunidad.com_-400x242.png 400w, https:\/\/www.ldcgranollers.es\/wp-content\/uploads\/2023\/04\/aplicacion-movil-tucomunidad.com_.png 596w\" sizes=\"(max-width: 640px) 100vw, 596px\" \/><\/span><\/div><div class=\"fusion-title title fusion-title-3 fusion-sep-none fusion-title-text fusion-title-size-three\" style=\"--awb-text-color:var(--awb-color4);--awb-margin-top:30px;--awb-margin-left:30px;--awb-margin-top-small:10px;--awb-margin-right-small:0px;--awb-margin-bottom-small:10px;--awb-margin-left-small:30px;--awb-font-size:24px;\"><h3 class=\"fusion-title-heading title-heading-left fusion-responsive-typography-calculated\" style=\"font-family:&quot;Roboto&quot;;font-style:normal;font-weight:500;margin:0;font-size:1em;--fontSize:24;--minFontSize:24;line-height:1.46;\">Aplicaci\u00f3 m\u00f2bil<\/h3><\/div><div class=\"fusion-text fusion-text-2\" style=\"--awb-font-size:16px;--awb-text-color:var(--awb-color4);--awb-margin-right:30px;--awb-margin-left:30px;--awb-text-font-family:&quot;Roboto&quot;;--awb-text-font-style:normal;--awb-text-font-weight:400;\"><p><a href=\"https:\/\/play.google.com\/store\/search?q=tucomunidapp&amp;c=apps&amp;hl=es\" target=\"_blank\" rel=\"noopener\"><strong>Descarregui l&#8217;aplicaci\u00f3 per Android.<\/strong> <i class=\"fb-icon-element-2 fb-icon-element fontawesome-icon fa-arrow-right fas circle-no fusion-text-flow\" style=\"--awb-font-size:18px;--awb-margin-right:9px;\"><\/i><\/a><\/p>\n<\/div><div class=\"fusion-text fusion-text-3\" style=\"--awb-font-size:16px;--awb-text-color:var(--awb-color4);--awb-margin-right:30px;--awb-margin-left:30px;--awb-text-font-family:&quot;Roboto&quot;;--awb-text-font-style:normal;--awb-text-font-weight:400;\"><p><a href=\"https:\/\/apps.apple.com\/es\/app\/tucomunidapp\/id1485583697\" target=\"_blank\" rel=\"noopener\"><strong>Descarregui l&#8217;aplicaci\u00f3 per Iphone.<\/strong> <i class=\"fb-icon-element-3 fb-icon-element fontawesome-icon fa-arrow-right fas circle-no fusion-text-flow\" style=\"--awb-font-size:18px;--awb-margin-right:9px;\"><\/i><\/a><\/p>\n<\/div><\/div><\/div><div class=\"fusion-layout-column fusion_builder_column fusion-builder-column-3 fusion_builder_column_1_3 1_3 fusion-flex-column\" style=\"--awb-padding-bottom:20px;--awb-bg-color:#ffffff;--awb-bg-color-hover:#ffffff;--awb-bg-size:cover;--awb-width-large:33.333333333333%;--awb-margin-top-large:0px;--awb-spacing-right-large:15px;--awb-margin-bottom-large:20px;--awb-spacing-left-large:15px;--awb-width-medium:33.333333333333%;--awb-order-medium:0;--awb-spacing-right-medium:15px;--awb-spacing-left-medium:15px;--awb-width-small:100%;--awb-order-small:0;--awb-spacing-right-small:15px;--awb-spacing-left-small:15px;\" data-scroll-devices=\"small-visibility,medium-visibility,large-visibility\"><div class=\"fusion-column-wrapper fusion-column-has-shadow fusion-flex-justify-content-flex-start fusion-content-layout-column\"><div class=\"fusion-image-element \" style=\"--awb-caption-title-font-family:var(--h2_typography-font-family);--awb-caption-title-font-weight:var(--h2_typography-font-weight);--awb-caption-title-font-style:var(--h2_typography-font-style);--awb-caption-title-size:var(--h2_typography-font-size);--awb-caption-title-transform:var(--h2_typography-text-transform);--awb-caption-title-line-height:var(--h2_typography-line-height);--awb-caption-title-letter-spacing:var(--h2_typography-letter-spacing);\"><span class=\" fusion-imageframe imageframe-none imageframe-3 hover-type-none\"><img decoding=\"async\" width=\"596\" height=\"361\" title=\"clave-de-acceso-tucomunidad.com\" src=\"https:\/\/ldcgranollers.es\/wp-content\/uploads\/2023\/04\/clave-de-acceso-tucomunidad.com_.png\" alt class=\"img-responsive wp-image-607\" srcset=\"https:\/\/www.ldcgranollers.es\/wp-content\/uploads\/2023\/04\/clave-de-acceso-tucomunidad.com_-200x121.png 200w, https:\/\/www.ldcgranollers.es\/wp-content\/uploads\/2023\/04\/clave-de-acceso-tucomunidad.com_-400x242.png 400w, https:\/\/www.ldcgranollers.es\/wp-content\/uploads\/2023\/04\/clave-de-acceso-tucomunidad.com_.png 596w\" sizes=\"(max-width: 640px) 100vw, 596px\" \/><\/span><\/div><div class=\"fusion-title title fusion-title-4 fusion-sep-none fusion-title-text fusion-title-size-three\" style=\"--awb-text-color:var(--awb-color4);--awb-margin-top:30px;--awb-margin-left:30px;--awb-margin-top-small:10px;--awb-margin-right-small:0px;--awb-margin-bottom-small:10px;--awb-margin-left-small:30px;--awb-font-size:24px;\"><h3 class=\"fusion-title-heading title-heading-left fusion-responsive-typography-calculated\" style=\"font-family:&quot;Roboto&quot;;font-style:normal;font-weight:500;margin:0;font-size:1em;--fontSize:24;--minFontSize:24;line-height:1.46;\">Clau d&#8217;acc\u00e9s<\/h3><\/div><div class=\"fusion-text fusion-text-4\" style=\"--awb-font-size:16px;--awb-text-color:var(--awb-color4);--awb-margin-right:30px;--awb-margin-left:30px;--awb-text-font-family:&quot;Roboto&quot;;--awb-text-font-style:normal;--awb-text-font-weight:400;\"><p><a href=\"mailto:granollers@ldcgranollers.es\" target=\"_blank\" rel=\"noopener\"><strong>Sol\u00b7liciti la seva clau.<\/strong> <i class=\"fb-icon-element-4 fb-icon-element fontawesome-icon fa-arrow-right fas circle-no fusion-text-flow\" style=\"--awb-font-size:18px;--awb-margin-right:9px;\"><\/i><\/a><\/p>\n<\/div><\/div><\/div><\/div><\/div><\/p>\n","protected":false},"excerpt":{"rendered":"","protected":false},"author":1,"featured_media":0,"parent":0,"menu_order":0,"comment_status":"closed","ping_status":"closed","template":"100-width.php","meta":{"footnotes":""},"class_list":["post-626","page","type-page","status-publish","hentry"],"yoast_head":"<!-- This site is optimized with the Yoast SEO plugin v27.4 - https:\/\/yoast.com\/product\/yoast-seo-wordpress\/ -->\n<title>Tu Comunidad - LDCGranollers<\/title>\n<meta name=\"description\" content=\"Acc\u00e9s a la plataforma en l\u00ednia i l&#039;aplicaci\u00f3 m\u00f2bil de tucomunidad.com, on podr\u00e0s gestionar la informaci\u00f3 financera i comptable de la teva comunitat de propietaris des de la comoditat de casa teva.\" \/>\n<meta name=\"robots\" content=\"index, follow, max-snippet:-1, max-image-preview:large, max-video-preview:-1\" \/>\n<link rel=\"canonical\" href=\"https:\/\/www.ldcgranollers.es\/ca\/tu-comunidad\/\" \/>\n<meta property=\"og:locale\" content=\"ca_ES\" \/>\n<meta property=\"og:type\" content=\"article\" \/>\n<meta property=\"og:title\" content=\"Tu Comunidad - LDCGranollers\" \/>\n<meta property=\"og:description\" content=\"Acc\u00e9s a la plataforma en l\u00ednia i l&#039;aplicaci\u00f3 m\u00f2bil de tucomunidad.com, on podr\u00e0s gestionar la informaci\u00f3 financera i comptable de la teva comunitat de propietaris des de la comoditat de casa teva.\" \/>\n<meta property=\"og:url\" content=\"https:\/\/www.ldcgranollers.es\/ca\/tu-comunidad\/\" \/>\n<meta property=\"og:site_name\" content=\"LDCGranollers\" \/>\n<meta property=\"article:modified_time\" content=\"2023-07-07T07:44:10+00:00\" \/>\n<meta name=\"twitter:card\" content=\"summary_large_image\" \/>\n<meta name=\"twitter:label1\" content=\"Temps estimat de lectura\" \/>\n\t<meta name=\"twitter:data1\" content=\"9 minuts\" \/>\n<script type=\"application\/ld+json\" class=\"yoast-schema-graph\">{\"@context\":\"https:\\\/\\\/schema.org\",\"@graph\":[{\"@type\":\"WebPage\",\"@id\":\"https:\\\/\\\/www.ldcgranollers.es\\\/ca\\\/tu-comunidad\\\/\",\"url\":\"https:\\\/\\\/www.ldcgranollers.es\\\/ca\\\/tu-comunidad\\\/\",\"name\":\"Tu Comunidad - LDCGranollers\",\"isPartOf\":{\"@id\":\"https:\\\/\\\/www.ldcgranollers.es\\\/#website\"},\"datePublished\":\"2023-04-28T09:05:01+00:00\",\"dateModified\":\"2023-07-07T07:44:10+00:00\",\"description\":\"Acc\u00e9s a la plataforma en l\u00ednia i l'aplicaci\u00f3 m\u00f2bil de tucomunidad.com, on podr\u00e0s gestionar la informaci\u00f3 financera i comptable de la teva comunitat de propietaris des de la comoditat de casa teva.\",\"breadcrumb\":{\"@id\":\"https:\\\/\\\/www.ldcgranollers.es\\\/ca\\\/tu-comunidad\\\/#breadcrumb\"},\"inLanguage\":\"ca\",\"potentialAction\":[{\"@type\":\"ReadAction\",\"target\":[\"https:\\\/\\\/www.ldcgranollers.es\\\/ca\\\/tu-comunidad\\\/\"]}]},{\"@type\":\"BreadcrumbList\",\"@id\":\"https:\\\/\\\/www.ldcgranollers.es\\\/ca\\\/tu-comunidad\\\/#breadcrumb\",\"itemListElement\":[{\"@type\":\"ListItem\",\"position\":1,\"name\":\"Portada\",\"item\":\"https:\\\/\\\/www.ldcgranollers.es\\\/ca\\\/ldcgranollers\\\/\"},{\"@type\":\"ListItem\",\"position\":2,\"name\":\"Tu Comunidad\"}]},{\"@type\":\"WebSite\",\"@id\":\"https:\\\/\\\/www.ldcgranollers.es\\\/#website\",\"url\":\"https:\\\/\\\/www.ldcgranollers.es\\\/\",\"name\":\"LDCGranollers\",\"description\":\"Administraci\u00f3n de comunidades de propietarios\",\"potentialAction\":[{\"@type\":\"SearchAction\",\"target\":{\"@type\":\"EntryPoint\",\"urlTemplate\":\"https:\\\/\\\/www.ldcgranollers.es\\\/?s={search_term_string}\"},\"query-input\":{\"@type\":\"PropertyValueSpecification\",\"valueRequired\":true,\"valueName\":\"search_term_string\"}}],\"inLanguage\":\"ca\"}]}<\/script>\n<!-- \/ Yoast SEO plugin. -->","yoast_head_json":{"title":"Tu Comunidad - LDCGranollers","description":"Acc\u00e9s a la plataforma en l\u00ednia i l'aplicaci\u00f3 m\u00f2bil de tucomunidad.com, on podr\u00e0s gestionar la informaci\u00f3 financera i comptable de la teva comunitat de propietaris des de la comoditat de casa teva.","robots":{"index":"index","follow":"follow","max-snippet":"max-snippet:-1","max-image-preview":"max-image-preview:large","max-video-preview":"max-video-preview:-1"},"canonical":"https:\/\/www.ldcgranollers.es\/ca\/tu-comunidad\/","og_locale":"ca_ES","og_type":"article","og_title":"Tu Comunidad - LDCGranollers","og_description":"Acc\u00e9s a la plataforma en l\u00ednia i l'aplicaci\u00f3 m\u00f2bil de tucomunidad.com, on podr\u00e0s gestionar la informaci\u00f3 financera i comptable de la teva comunitat de propietaris des de la comoditat de casa teva.","og_url":"https:\/\/www.ldcgranollers.es\/ca\/tu-comunidad\/","og_site_name":"LDCGranollers","article_modified_time":"2023-07-07T07:44:10+00:00","twitter_card":"summary_large_image","twitter_misc":{"Temps estimat de lectura":"9 minuts"},"schema":{"@context":"https:\/\/schema.org","@graph":[{"@type":"WebPage","@id":"https:\/\/www.ldcgranollers.es\/ca\/tu-comunidad\/","url":"https:\/\/www.ldcgranollers.es\/ca\/tu-comunidad\/","name":"Tu Comunidad - LDCGranollers","isPartOf":{"@id":"https:\/\/www.ldcgranollers.es\/#website"},"datePublished":"2023-04-28T09:05:01+00:00","dateModified":"2023-07-07T07:44:10+00:00","description":"Acc\u00e9s a la plataforma en l\u00ednia i l'aplicaci\u00f3 m\u00f2bil de tucomunidad.com, on podr\u00e0s gestionar la informaci\u00f3 financera i comptable de la teva comunitat de propietaris des de la comoditat de casa teva.","breadcrumb":{"@id":"https:\/\/www.ldcgranollers.es\/ca\/tu-comunidad\/#breadcrumb"},"inLanguage":"ca","potentialAction":[{"@type":"ReadAction","target":["https:\/\/www.ldcgranollers.es\/ca\/tu-comunidad\/"]}]},{"@type":"BreadcrumbList","@id":"https:\/\/www.ldcgranollers.es\/ca\/tu-comunidad\/#breadcrumb","itemListElement":[{"@type":"ListItem","position":1,"name":"Portada","item":"https:\/\/www.ldcgranollers.es\/ca\/ldcgranollers\/"},{"@type":"ListItem","position":2,"name":"Tu Comunidad"}]},{"@type":"WebSite","@id":"https:\/\/www.ldcgranollers.es\/#website","url":"https:\/\/www.ldcgranollers.es\/","name":"LDCGranollers","description":"Administraci\u00f3n de comunidades de propietarios","potentialAction":[{"@type":"SearchAction","target":{"@type":"EntryPoint","urlTemplate":"https:\/\/www.ldcgranollers.es\/?s={search_term_string}"},"query-input":{"@type":"PropertyValueSpecification","valueRequired":true,"valueName":"search_term_string"}}],"inLanguage":"ca"}]}},"_links":{"self":[{"href":"https:\/\/www.ldcgranollers.es\/ca\/wp-json\/wp\/v2\/pages\/626","targetHints":{"allow":["GET"]}}],"collection":[{"href":"https:\/\/www.ldcgranollers.es\/ca\/wp-json\/wp\/v2\/pages"}],"about":[{"href":"https:\/\/www.ldcgranollers.es\/ca\/wp-json\/wp\/v2\/types\/page"}],"author":[{"embeddable":true,"href":"https:\/\/www.ldcgranollers.es\/ca\/wp-json\/wp\/v2\/users\/1"}],"replies":[{"embeddable":true,"href":"https:\/\/www.ldcgranollers.es\/ca\/wp-json\/wp\/v2\/comments?post=626"}],"version-history":[{"count":5,"href":"https:\/\/www.ldcgranollers.es\/ca\/wp-json\/wp\/v2\/pages\/626\/revisions"}],"predecessor-version":[{"id":845,"href":"https:\/\/www.ldcgranollers.es\/ca\/wp-json\/wp\/v2\/pages\/626\/revisions\/845"}],"wp:attachment":[{"href":"https:\/\/www.ldcgranollers.es\/ca\/wp-json\/wp\/v2\/media?parent=626"}],"curies":[{"name":"wp","href":"https:\/\/api.w.org\/{rel}","templated":true}]}}